{"id":68,"date":"2025-04-24T08:23:20","date_gmt":"2025-04-24T08:23:20","guid":{"rendered":"https:\/\/www.hueflavor.com\/de\/?page_id=68"},"modified":"2025-04-24T09:06:31","modified_gmt":"2025-04-24T09:06:31","slug":"hue-strassenimbiss-tour","status":"publish","type":"page","link":"https:\/\/www.hueflavor.com\/de\/hue-strassenimbiss-tour\/","title":{"rendered":"Hue Stra\u00dfenimbiss-Tour"},"content":{"rendered":"\n<p>Hue, die ehemalige Hauptstadt Vietnams, bietet ein reiches kulturelles Erlebnis.<\/p>\n\n\n\n<p>Die beste Art, diese Stadt zu entdecken, ist durch ihre einzigartige K\u00fcche, die sich in zahlreichen traditionellen Gerichten widerspiegelt.<\/p>\n\n\n\n<p>Reisende sollten die Gelegenheit nicht verpassen, Hues lebendige Esskultur zu erkunden und authentisches Stra\u00dfenessen zu genie\u00dfen \u2013 ein wesentlicher Bestandteil des kulinarischen Erbes der Stadt.<\/p>\n\n\n\n<p>Um die K\u00fcche und das lokale Essen wirklich zu erleben, bieten wir die interessanteste und informativste kulinarische Tour in Hue an \u2013 mit ausgew\u00e4hlten, geschmackvollen, farbenfrohen und absolut lokalen Spezialit\u00e4ten.<\/p>\n\n\n\n<figure class=\"wp-block-image alignwide size-large\"><img loading=\"lazy\" decoding=\"async\" width=\"1024\" height=\"682\" src=\"https:\/\/www.hueflavor.com\/de\/wp-content\/uploads\/2025\/04\/strassenimbiss-tour-hue-1024x682.jpg\" alt=\"Lokale Spezialit\u00e4ten bei der Stra\u00dfenimbiss-Tour in Hue\" class=\"wp-image-69\" srcset=\"https:\/\/www.hueflavor.com\/de\/wp-content\/uploads\/2025\/04\/strassenimbiss-tour-hue-1024x682.jpg 1024w, https:\/\/www.hueflavor.com\/de\/wp-content\/uploads\/2025\/04\/strassenimbiss-tour-hue-300x200.jpg 300w, https:\/\/www.hueflavor.com\/de\/wp-content\/uploads\/2025\/04\/strassenimbiss-tour-hue-768x512.jpg 768w, https:\/\/www.hueflavor.com\/de\/wp-content\/uploads\/2025\/04\/strassenimbiss-tour-hue-1200x800.jpg 1200w, https:\/\/www.hueflavor.com\/de\/wp-content\/uploads\/2025\/04\/strassenimbiss-tour-hue.jpg 1400w\" sizes=\"auto, (max-width: 1024px) 100vw, 1024px\" \/><\/figure>\n\n\n\n<p><strong>Tour-Highlights:<\/strong><\/p>\n\n\n\n<ul class=\"wp-block-list\">\n<li>Probieren Sie viele verschiedene Arten von Stra\u00dfenessen aus Hue.<\/li>\n\n\n\n<li>Erfahren Sie mehr \u00fcber die K\u00fcche und Kultur von Hue.<\/li>\n\n\n\n<li>Genie\u00dfen Sie die wundersch\u00f6ne Aussicht auf Hue.<\/li>\n\n\n\n<li>Erkunden Sie das t\u00e4gliche Leben in Hue.<\/li>\n\n\n\n<li>Nutzen Sie die Gelegenheit, tolle Fotos zu machen.<\/li>\n\n\n\n<li>Entspannen Sie sich bei einer Fahrt im Cyclos f\u00fcr eine angenehme und interessante Reise.<\/li>\n<\/ul>\n\n\n\n<p><strong>Details zum Zeitplan:<\/strong><\/p>\n\n\n\n<ul class=\"wp-block-list\">\n<li><strong>Dauer:<\/strong> 4 Stunden<\/li>\n\n\n\n<li><strong>Abfahrtszeit:<\/strong> 9:00 Uhr oder 14:00 Uhr<\/li>\n\n\n\n<li><strong>Abholort:<\/strong> Zentrale Hotels in der Stadt Hue (Neuer Bereich)<\/li>\n\n\n\n<li><strong>Absetzung:<\/strong> Zentrale Orte in der Stadt Hue (Neuer Bereich)<\/li>\n<\/ul>\n\n\n\n<figure class=\"wp-block-gallery alignwide has-nested-images columns-default is-cropped wp-block-gallery-1 is-layout-flex wp-block-gallery-is-layout-flex\">\n<figure class=\"wp-block-image size-large\"><img loading=\"lazy\" decoding=\"async\" width=\"900\" height=\"608\" data-id=\"79\" src=\"https:\/\/www.hueflavor.com\/de\/wp-content\/uploads\/2025\/04\/hue-rindfleisch-nudelsuppe.jpg\" alt=\"Hue Rindfleisch-Vermicelli-Suppe\" class=\"wp-image-79\" srcset=\"https:\/\/www.hueflavor.com\/de\/wp-content\/uploads\/2025\/04\/hue-rindfleisch-nudelsuppe.jpg 900w, https:\/\/www.hueflavor.com\/de\/wp-content\/uploads\/2025\/04\/hue-rindfleisch-nudelsuppe-300x203.jpg 300w, https:\/\/www.hueflavor.com\/de\/wp-content\/uploads\/2025\/04\/hue-rindfleisch-nudelsuppe-768x519.jpg 768w\" sizes=\"auto, (max-width: 900px) 100vw, 900px\" \/><figcaption class=\"wp-element-caption\">Hue Rindfleisch-Vermicelli-Suppe<\/figcaption><\/figure>\n\n\n\n<figure class=\"wp-block-image size-large\"><img loading=\"lazy\" decoding=\"async\" width=\"720\" height=\"960\" data-id=\"74\" src=\"https:\/\/www.hueflavor.com\/de\/wp-content\/uploads\/2025\/04\/cyclos-auf-der-tour.jpg\" alt=\"Cyclos w\u00e4hrend der Tour\" class=\"wp-image-74\" srcset=\"https:\/\/www.hueflavor.com\/de\/wp-content\/uploads\/2025\/04\/cyclos-auf-der-tour.jpg 720w, https:\/\/www.hueflavor.com\/de\/wp-content\/uploads\/2025\/04\/cyclos-auf-der-tour-225x300.jpg 225w\" sizes=\"auto, (max-width: 720px) 100vw, 720px\" \/><figcaption class=\"wp-element-caption\">Cyclos w\u00e4hrend der Tour<\/figcaption><\/figure>\n\n\n\n<figure class=\"wp-block-image size-large\"><img loading=\"lazy\" decoding=\"async\" width=\"900\" height=\"675\" data-id=\"76\" src=\"https:\/\/www.hueflavor.com\/de\/wp-content\/uploads\/2025\/04\/dong-ba-markt.jpg\" alt=\"Dong Ba Markt\" class=\"wp-image-76\" srcset=\"https:\/\/www.hueflavor.com\/de\/wp-content\/uploads\/2025\/04\/dong-ba-markt.jpg 900w, https:\/\/www.hueflavor.com\/de\/wp-content\/uploads\/2025\/04\/dong-ba-markt-300x225.jpg 300w, https:\/\/www.hueflavor.com\/de\/wp-content\/uploads\/2025\/04\/dong-ba-markt-768x576.jpg 768w\" sizes=\"auto, (max-width: 900px) 100vw, 900px\" \/><figcaption class=\"wp-element-caption\">Dong Ba Markt<\/figcaption><\/figure>\n\n\n\n<figure class=\"wp-block-image size-large\"><img loading=\"lazy\" decoding=\"async\" width=\"720\" height=\"960\" data-id=\"77\" src=\"https:\/\/www.hueflavor.com\/de\/wp-content\/uploads\/2025\/04\/gast-bei-der-food-tour.jpg\" alt=\"Hue Stra\u00dfenimbiss-Tour\" class=\"wp-image-77\" srcset=\"https:\/\/www.hueflavor.com\/de\/wp-content\/uploads\/2025\/04\/gast-bei-der-food-tour.jpg 720w, https:\/\/www.hueflavor.com\/de\/wp-content\/uploads\/2025\/04\/gast-bei-der-food-tour-225x300.jpg 225w\" sizes=\"auto, (max-width: 720px) 100vw, 720px\" \/><figcaption class=\"wp-element-caption\">L\u00e4cheln w\u00e4hrend der Tour<\/figcaption><\/figure>\n\n\n\n<figure class=\"wp-block-image size-large\"><img loading=\"lazy\" decoding=\"async\" width=\"720\" height=\"960\" data-id=\"75\" src=\"https:\/\/www.hueflavor.com\/de\/wp-content\/uploads\/2025\/04\/cyclos-fur-die-food-tour.jpg\" alt=\"Cyclos fur die Food-Tour\" class=\"wp-image-75\" srcset=\"https:\/\/www.hueflavor.com\/de\/wp-content\/uploads\/2025\/04\/cyclos-fur-die-food-tour.jpg 720w, https:\/\/www.hueflavor.com\/de\/wp-content\/uploads\/2025\/04\/cyclos-fur-die-food-tour-225x300.jpg 225w\" sizes=\"auto, (max-width: 720px) 100vw, 720px\" \/><figcaption class=\"wp-element-caption\">Cyclos bereit f\u00fcr den Start der Tour<\/figcaption><\/figure>\n\n\n\n<figure class=\"wp-block-image size-large\"><img loading=\"lazy\" decoding=\"async\" width=\"900\" height=\"708\" data-id=\"78\" src=\"https:\/\/www.hueflavor.com\/de\/wp-content\/uploads\/2025\/04\/gegrillte-nudeln-mit-schweinefleisch.jpg\" alt=\"Lokales Essen in Hue\" class=\"wp-image-78\" srcset=\"https:\/\/www.hueflavor.com\/de\/wp-content\/uploads\/2025\/04\/gegrillte-nudeln-mit-schweinefleisch.jpg 900w, https:\/\/www.hueflavor.com\/de\/wp-content\/uploads\/2025\/04\/gegrillte-nudeln-mit-schweinefleisch-300x236.jpg 300w, https:\/\/www.hueflavor.com\/de\/wp-content\/uploads\/2025\/04\/gegrillte-nudeln-mit-schweinefleisch-768x604.jpg 768w\" sizes=\"auto, (max-width: 900px) 100vw, 900px\" \/><figcaption class=\"wp-element-caption\">Gegrillte Schweinefleischnudeln<\/figcaption><\/figure>\n<\/figure>\n\n\n\n<h2 class=\"wp-block-heading\">Hue Stra\u00dfenimbiss-Tour Reiseverlauf:<\/h2>\n\n\n\n<p>Wir beginnen die Tour mit individuellen Cyclos, die von einem engagierten Team erfahrener Fahrer gesteuert werden. \u00dcber die historische Trang Tien Br\u00fccke fahren wir zum farbenfrohen Dong Ba Markt, wo Sie viele der Zutaten f\u00fcr die Zubereitung von Hue-Spezialit\u00e4ten sehen k\u00f6nnen, und erleben das lokale Gesch\u00e4ftsleben.<\/p>\n\n\n\n<p>Weiter geht es mit den Cyclos durch die belebten Stra\u00dfen, um das t\u00e4gliche Leben in Hue zu erkunden. Wir fahren rund um die Zitadelle, wo sich der k\u00f6nigliche Palast befindet, und machen Fotos an den sch\u00f6nen Sehensw\u00fcrdigkeiten von Hue, w\u00e4hrend wir die Geschichten dazu h\u00f6ren.<\/p>\n\n\n\n<p>W\u00e4hrend der Tour halten wir an vielen ber\u00fchmten Stra\u00dfenrestaurants, um eine Vielzahl von lokalen Gerichten aus Hue zu probieren:<\/p>\n\n\n\n<p>(1) B\u00e1nh Kho\u00e1i \u2013 Hue Pfannkuchen<\/p>\n\n\n\n<p>(2) B\u00fan B\u00f2 Hu\u1ebf \u2013 Hue Rindfleisch-Nudelsuppe<\/p>\n\n\n\n<p>(3) B\u00e1nh L\u1ecdc \u2013 Gefilterte Tapioka-Kn\u00f6del<\/p>\n\n\n\n<p>(4) B\u00e1nh B\u00e8o \u2013 Ged\u00e4mpfte Reiskreise mit Garnelen<\/p>\n\n\n\n<p>(5) Ram \u00cdt \u2013 Klebreis-Kn\u00f6del auf einem frittierten Kn\u00f6del<\/p>\n\n\n\n<p>(6) B\u00e1nh N\u1eadm \u2013 Ged\u00e4mpfte flache Reisdumplings<\/p>\n\n\n\n<p>(7) B\u00e1nh U\u1edbt \u2013 Hue feuchtes Reispapier<\/p>\n\n\n\n<p>(8) B\u00fan Th\u1ecbt N\u01b0\u1edbng \u2013 Gegrillte Schweine-Vermicelli<\/p>\n\n\n\n<p>(9) Nem L\u1ee5i \u2013 Gegrilltes gehacktes Fleisch<\/p>\n\n\n\n<p>(10) B\u00e1nh Ch\u01b0ng \u2013 Quadratischer Klebreiskuchen<\/p>\n\n\n\n<p>(11) B\u00e1nh Bao \u2013 Ged\u00e4mpfter Br\u00f6tchen<\/p>\n\n\n\n<p>(12) B\u00e1nh Bao Chi\u00ean \u2013 Frittierter Br\u00f6tchen (fakultativ)<\/p>\n\n\n\n<p>(13) M\u00e8 X\u1eedng \u2013 Sesam-S\u00fc\u00dfigkeit<\/p>\n\n\n\n<p>(14) C\u00e0 Ph\u00ea S\u1eefa \u2013 Vietnamesischer Kaffee mit Kondensmilch<\/p>\n\n\n\n<p>(15) Tr\u00e1i C\u00e2y \u2013 Saisonale Fr\u00fcchte<\/p>\n\n\n\n<h3 class=\"wp-block-heading\">Im Tourpreis enthalten:<\/h3>\n\n\n\n<ul class=\"wp-block-list\">\n<li>Viele Arten von lokalen Stra\u00dfenimbissen aus Hue zum Probieren<\/li>\n\n\n\n<li>Cyclos<\/li>\n\n\n\n<li>Proben von lokalen Fr\u00fcchten zum Kosten<\/li>\n\n\n\n<li>Eine Flasche Wasser<\/li>\n\n\n\n<li>Ca phe sua \u2013 Vietnamesischer Kaffee mit Kondensmilch<\/li>\n\n\n\n<li>Englischsprachiger, erfahrener Reiseleiter<\/li>\n<\/ul>\n\n\n\n<h3 class=\"wp-block-heading\">Nicht enthalten:<\/h3>\n\n\n\n<ul class=\"wp-block-list\">\n<li>Zus\u00e4tzliche Getr\u00e4nke<\/li>\n\n\n\n<li>Pers\u00f6nliche Ausgaben, Trinkgelder, Versicherung<\/li>\n\n\n\n<li>Weitere nicht im Reiseverlauf erw\u00e4hnte Dienstleistungen<\/li>\n<\/ul>\n\n\n\n<h2 class=\"wp-block-heading\">Vertrauen von Reisenden weltweit<\/h2>\n\n\n\n<p>Was die G\u00e4ste getan haben:<\/p>\n\n\n\n<div class=\"wp-block-media-text has-media-on-the-right is-stacked-on-mobile\"><div class=\"wp-block-media-text__content\">\n<p>99 % Empfehlungen auf Tripadvisor und Viator<\/p>\n<\/div><figure class=\"wp-block-media-text__media\"><img loading=\"lazy\" decoding=\"async\" width=\"732\" height=\"347\" src=\"https:\/\/www.hueflavor.com\/de\/wp-content\/uploads\/2025\/04\/empfehlungen-auf-tripadvisor.png\" alt=\"Empfehlungen auf Tripadvisor\" class=\"wp-image-71 size-full\" srcset=\"https:\/\/www.hueflavor.com\/de\/wp-content\/uploads\/2025\/04\/empfehlungen-auf-tripadvisor.png 732w, https:\/\/www.hueflavor.com\/de\/wp-content\/uploads\/2025\/04\/empfehlungen-auf-tripadvisor-300x142.png 300w\" sizes=\"auto, (max-width: 732px) 100vw, 732px\" \/><\/figure><\/div>\n\n\n\n<div class=\"wp-block-media-text has-media-on-the-right is-stacked-on-mobile\"><div class=\"wp-block-media-text__content\">\n<p>Vorstellung im Lonely Planet<\/p>\n<\/div><figure class=\"wp-block-media-text__media\"><img loading=\"lazy\" decoding=\"async\" width=\"720\" height=\"961\" src=\"https:\/\/www.hueflavor.com\/de\/wp-content\/uploads\/2025\/04\/hue-flavor-auf-lonely-planet.jpg\" alt=\"Hue Flavor auf Lonely Planet\" class=\"wp-image-70 size-full\" srcset=\"https:\/\/www.hueflavor.com\/de\/wp-content\/uploads\/2025\/04\/hue-flavor-auf-lonely-planet.jpg 720w, https:\/\/www.hueflavor.com\/de\/wp-content\/uploads\/2025\/04\/hue-flavor-auf-lonely-planet-225x300.jpg 225w\" sizes=\"auto, (max-width: 720px) 100vw, 720px\" \/><\/figure><\/div>\n\n\n\n<p><strong>Preise und Buchungsdetails:<\/strong><\/p>\n\n\n\n<ul class=\"wp-block-list\">\n<li>Teilnahme an der Gruppentour: 49 EURO\/Person<\/li>\n\n\n\n<li>Kinder unter 9 Jahren: 35 EURO\/Kind (Teilen eines Cyclos)<\/li>\n\n\n\n<li>Private Touren sind auf Anfrage ebenfalls verf\u00fcgbar. Bitte kontaktieren Sie uns unter <a href=\"mailto:info@hueflavor.com\">info@hueflavor.com<\/a><\/li>\n<\/ul>\n\n\n\n<p><strong>Telefon in Vietnam:<\/strong> 0934 93 00 57<br><strong>Telefon &amp; WhatsApp:<\/strong> <a href=\"https:\/\/wa.me\/84934889667\" target=\"_blank\" rel=\"noreferrer noopener\">+84 934 889 667<\/a> (Bitte auf Englisch schreiben!)<br>(Die schnellste und einfachste M\u00f6glichkeit, auf Ihre Anfrage zu antworten, ist WhatsApp. Vielen Dank!)<\/p>\n\n\n\n<p>Wenn Sie zur Buchung auf Englisch wechseln m\u00f6chten, hier ist die <a href=\"https:\/\/www.hueflavor.com\/hue-street-food\/\">Hue Street Food Tour<\/a>!<\/p>\n","protected":false},"excerpt":{"rendered":"<p>Hue, die ehemalige Hauptstadt Vietnams, bietet ein reiches kulturelles Erlebnis. Die beste Art, diese Stadt zu entdecken, ist durch ihre einzigartige K\u00fcche, die sich in zahlreichen traditionellen Gerichten widerspiegelt. Reisende sollten die Gelegenheit nicht verpassen, Hues lebendige Esskultur zu erkunden und authentisches Stra\u00dfenessen zu genie\u00dfen \u2013 ein wesentlicher Bestandteil des kulinarischen Erbes der Stadt. Um [&hellip;]<\/p>\n","protected":false},"author":1,"featured_media":69,"parent":0,"menu_order":0,"comment_status":"closed","ping_status":"closed","template":"","meta":{"footnotes":""},"class_list":["post-68","page","type-page","status-publish","has-post-thumbnail","hentry"],"_links":{"self":[{"href":"https:\/\/www.hueflavor.com\/de\/wp-json\/wp\/v2\/pages\/68","targetHints":{"allow":["GET"]}}],"collection":[{"href":"https:\/\/www.hueflavor.com\/de\/wp-json\/wp\/v2\/pages"}],"about":[{"href":"https:\/\/www.hueflavor.com\/de\/wp-json\/wp\/v2\/types\/page"}],"author":[{"embeddable":true,"href":"https:\/\/www.hueflavor.com\/de\/wp-json\/wp\/v2\/users\/1"}],"replies":[{"embeddable":true,"href":"https:\/\/www.hueflavor.com\/de\/wp-json\/wp\/v2\/comments?post=68"}],"version-history":[{"count":3,"href":"https:\/\/www.hueflavor.com\/de\/wp-json\/wp\/v2\/pages\/68\/revisions"}],"predecessor-version":[{"id":81,"href":"https:\/\/www.hueflavor.com\/de\/wp-json\/wp\/v2\/pages\/68\/revisions\/81"}],"wp:featuredmedia":[{"embeddable":true,"href":"https:\/\/www.hueflavor.com\/de\/wp-json\/wp\/v2\/media\/69"}],"wp:attachment":[{"href":"https:\/\/www.hueflavor.com\/de\/wp-json\/wp\/v2\/media?parent=68"}],"curies":[{"name":"wp","href":"https:\/\/api.w.org\/{rel}","templated":true}]}}