{"id":14,"date":"2025-04-23T07:38:57","date_gmt":"2025-04-23T07:38:57","guid":{"rendered":"https:\/\/www.hueflavor.com\/de\/?page_id=14"},"modified":"2025-06-07T08:18:33","modified_gmt":"2025-06-07T08:18:33","slug":"touren-in-hue","status":"publish","type":"page","link":"https:\/\/www.hueflavor.com\/de\/","title":{"rendered":"Kulinarische Touren in der Stadt Hue"},"content":{"rendered":"\n<figure class=\"wp-block-image alignwide size-large\"><img loading=\"lazy\" decoding=\"async\" width=\"1024\" height=\"682\" src=\"https:\/\/www.hueflavor.com\/de\/wp-content\/uploads\/2025\/04\/einheimisches-essen-in-hue-1024x682.jpg\" alt=\"Einheimisches Essen in der Stadt Hue\" class=\"wp-image-47\" srcset=\"https:\/\/www.hueflavor.com\/de\/wp-content\/uploads\/2025\/04\/einheimisches-essen-in-hue-1024x682.jpg 1024w, https:\/\/www.hueflavor.com\/de\/wp-content\/uploads\/2025\/04\/einheimisches-essen-in-hue-300x200.jpg 300w, https:\/\/www.hueflavor.com\/de\/wp-content\/uploads\/2025\/04\/einheimisches-essen-in-hue-768x512.jpg 768w, https:\/\/www.hueflavor.com\/de\/wp-content\/uploads\/2025\/04\/einheimisches-essen-in-hue-1200x800.jpg 1200w, https:\/\/www.hueflavor.com\/de\/wp-content\/uploads\/2025\/04\/einheimisches-essen-in-hue.jpg 1400w\" sizes=\"auto, (max-width: 1024px) 100vw, 1024px\" \/><figcaption class=\"wp-element-caption\">Pfannkuchen ist ein bekanntes regionales Gericht in der Stadt Hue.<\/figcaption><\/figure>\n\n\n\n<div class=\"wp-block-group alignwide\"><div class=\"wp-block-group__inner-container is-layout-flow wp-block-group-is-layout-flow\">\n<h2 class=\"wp-block-heading has-text-align-center\">Kulinarisches Erlebnis mit lokaler K\u00fcche in Hue, Vietnam<\/h2>\n\n\n\n<h3 class=\"wp-block-heading has-text-align-center\">Warum hebt sich Hue Flavor hervor?<\/h3>\n\n\n\n<ul class=\"wp-block-list\">\n<li>Hue Flavor ist die erste Stra\u00dfenimbiss-Tour in Hue, von Hunderten G\u00e4sten empfohlen.<\/li>\n\n\n\n<li>Eine gut organisierte Tour, die von einem 16-j\u00e4hrigen erfahrenen Guide geleitet wird, der die Qualit\u00e4t der Tour sicherstellt.<\/li>\n\n\n\n<li>Echte kulinarische Erlebnisse \u2013 es geht nicht nur darum, das Essen zu probieren, sondern auch darum, das t\u00e4gliche Leben zu erleben und die Stadt wirklich kennenzulernen.<\/li>\n<\/ul>\n\n\n\n<hr class=\"wp-block-separator has-alpha-channel-opacity\"\/>\n<\/div><\/div>\n\n\n\n<p class=\"has-text-align-center\"><em>\u201eEs ist gut und sehr belebt mit Touristengruppen, aber f\u00fcr das wahre Erlebnis \u2014 wie es die Einheimischen immer gegessen haben \u2014 muss man &#8218;arm, aber luxuri\u00f6s&#8216; gehen, wie es das lokale Mantra vorschreibt.\u201c<\/em> \u2013 Robert Reid<\/p>\n\n\n\n<hr class=\"wp-block-separator has-alpha-channel-opacity\"\/>\n\n\n\n<figure class=\"wp-block-image alignfull size-large\"><img loading=\"lazy\" decoding=\"async\" width=\"1024\" height=\"576\" src=\"https:\/\/www.hueflavor.com\/de\/wp-content\/uploads\/2025\/04\/bun-bo-hue-1024x576.jpg\" alt=\"Rindfleischnudelsuppe ist ein bekanntes lokales Gericht in Hue.\" class=\"wp-image-64\" srcset=\"https:\/\/www.hueflavor.com\/de\/wp-content\/uploads\/2025\/04\/bun-bo-hue-1024x576.jpg 1024w, https:\/\/www.hueflavor.com\/de\/wp-content\/uploads\/2025\/04\/bun-bo-hue-300x169.jpg 300w, https:\/\/www.hueflavor.com\/de\/wp-content\/uploads\/2025\/04\/bun-bo-hue-768x432.jpg 768w, https:\/\/www.hueflavor.com\/de\/wp-content\/uploads\/2025\/04\/bun-bo-hue-1200x675.jpg 1200w, https:\/\/www.hueflavor.com\/de\/wp-content\/uploads\/2025\/04\/bun-bo-hue.jpg 1400w\" sizes=\"auto, (max-width: 1024px) 100vw, 1024px\" \/><figcaption class=\"wp-element-caption\">Bun Bo Hue ist eine aromatische Suppe mit Reisnudeln, Rindfleisch und Zitronengras.<\/figcaption><\/figure>\n\n\n\n<div class=\"wp-block-media-text alignwide is-stacked-on-mobile\"><figure class=\"wp-block-media-text__media\"><img loading=\"lazy\" decoding=\"async\" width=\"900\" height=\"675\" src=\"https:\/\/www.hueflavor.com\/de\/wp-content\/uploads\/2025\/04\/hue-essenstour.jpeg\" alt=\"Hue-Essenstour\" class=\"wp-image-53 size-full\" srcset=\"https:\/\/www.hueflavor.com\/de\/wp-content\/uploads\/2025\/04\/hue-essenstour.jpeg 900w, https:\/\/www.hueflavor.com\/de\/wp-content\/uploads\/2025\/04\/hue-essenstour-300x225.jpeg 300w, https:\/\/www.hueflavor.com\/de\/wp-content\/uploads\/2025\/04\/hue-essenstour-768x576.jpeg 768w\" sizes=\"auto, (max-width: 900px) 100vw, 900px\" \/><\/figure><div class=\"wp-block-media-text__content\">\n<h3 class=\"wp-block-heading\">Hue Flavor Streetfood-Tour<\/h3>\n\n\n\n<p>Die Tour wird von einem Guide mit \u00fcber 16 Jahren Erfahrung organisiert und durchgef\u00fchrt, der die Street-Food-K\u00fcche liebt und die lokale Vielfalt gerne mit Ihnen teilen m\u00f6chte. Sie werden ausgew\u00e4hlte lokale Gerichte probieren und mit uns eine authentische Erfahrung durch die Stadt machen.<\/p>\n\n\n\n<p><strong>Unsere gesellschaftliche Verantwortung:<\/strong><\/p>\n\n\n\n<ul class=\"wp-block-list\">\n<li>Wir stellen den Reisenden die lokale Kultur und Lebensweise vor.<\/li>\n\n\n\n<li>Wir teilen die Vorteile mit der lokalen Bev\u00f6lkerung, indem wir das Essen direkt bei ihnen kaufen.<\/li>\n\n\n\n<li>Wir schaffen Arbeitspl\u00e4tze f\u00fcr die lokalen Cyclos-Fahrer.<\/li>\n<\/ul>\n\n\n\n<p>Sehen Sie sich die Details an und buchen Sie jetzt die <a href=\"https:\/\/www.hueflavor.com\/de\/hue-strassenimbiss-tour\/\">Hue Streetfood-Tour<\/a>!<\/p>\n<\/div><\/div>\n\n\n\n<div class=\"wp-block-group alignwide\"><div class=\"wp-block-group__inner-container is-layout-flow wp-block-group-is-layout-flow\">\n<p>Hue, die Hauptstadt Vietnams w\u00e4hrend der Nguyen-Dynastie (1802\u20131945), zieht die meisten Touristen durch den romantischen Fluss und die historischen Kulturst\u00e4tten an.<\/p>\n\n\n\n<p>Aber: \u201eViel zu oft verpassen die Besucher die gr\u00f6\u00dfte Attraktion \u2013 nicht die k\u00f6niglichen Gr\u00e4ber in den H\u00fcgeln am Parf\u00fcmfluss oder die vom Krieg gezeichnete Zitadelle in der Stadt, sondern das Essen\u201c, sagte Robert Reid, ein bekannter Reisef\u00fchrer-Autor.<\/p>\n\n\n\n<p>Tats\u00e4chlich gibt es von Nord- bis S\u00fcdvietnam Tausende einheimische Gerichte. Laut Recherchen wurden \u00fcber 1700 Speisen dokumentiert \u2013 davon allein etwa <strong>1400 lokale Gerichte in Hue<\/strong>. Das ist ein \u00fcberzeugender Grund, warum die Stadt Hue besonders f\u00fcr Reisende attraktiv ist, die die K\u00fcche von Hue sowie die vietnamesische Esskultur entdecken m\u00f6chten.<\/p>\n\n\n\n<p><em>\u201eIm Herzen des Landes, im Zentrum der alten Kaiserstadt Hue, befindet sich eine K\u00fcche mit einer Geschichte voller raffinierter und komplexer Spezialit\u00e4ten \u2013 darunter Schweinsw\u00fcrste und kunstvolle Reisk\u00fcchlein. Von allen Regionalk\u00fcchen spiegelt sie den westlichen Einfluss am deutlichsten wider\u201c,<\/em> schrieb die Korrespondentin Carolyn O\u2019Neil auf CNN Travel Now.<\/p>\n\n\n\n<p><em>\u201eBenutzen Sie auch Ihre Augen. Alles, was gut aussieht, hei\u00df dampft und wirklich durchgegart ist, ist eine gute Wahl. Ein Gro\u00dfteil der Esskultur basiert auf Nudeln, die aus kochendem Wasser kommen, auf Speisen direkt vom Grill \u2013 und alles Gegrillte wird sehr d\u00fcnn geschnitten, sodass es vollst\u00e4ndig gegart ist. Mit vielen dieser Gerichte liegen Sie also auf der sicheren Seite\u201c,<\/em> r\u00e4t Drescher auf CNN.<\/p>\n\n\n\n<p>Jetzt ist der perfekte Zeitpunkt, um die K\u00fcche von Hue selbst zu entdecken und Ihre eigenen Erfahrungen mit Street Food in Hue und der vietnamesischen K\u00fcche zu sammeln.<\/p>\n<\/div><\/div>\n\n\n\n<div class=\"wp-block-group alignwide has-background\" style=\"background-color:#ffffff\"><div class=\"wp-block-group__inner-container is-layout-flow wp-block-group-is-layout-flow\">\n<div class=\"wp-block-group\"><div class=\"wp-block-group__inner-container is-layout-flow wp-block-group-is-layout-flow\">\n<h2 class=\"wp-block-heading has-text-align-center\">Entdecken Sie eine k\u00f6stliche Food-Tour in der Stadt Hue mit Mr. Thom!<\/h2>\n\n\n\n<p class=\"has-text-align-center\">Mr. Thom ist ein lokaler Food-Guide und spricht Englisch.<br>Er hat diese Tour ins Deutsche \u00fcbersetzt, damit sie leicht zu lesen und zu finden ist \u2013 und damit Sie ein gro\u00dfartiges Erlebnis in Hue genie\u00dfen k\u00f6nnen.<\/p>\n\n\n\n<div class=\"wp-block-button aligncenter\"><a class=\"wp-block-button__link wp-element-button\" href=\"https:\/\/www.hueflavor.com\/de\/hue-strassenimbiss-tour\/\" target=\"_blank\" rel=\"noreferrer noopener\">Schauen Sie sich bitte die Tour an!<\/a><\/div>\n<\/div><\/div>\n<\/div><\/div>\n\n\n\n<figure class=\"wp-block-pullquote\"><blockquote><p><em>Diese Streetfood-Tour ist definitiv ein geschmackvolles Highlight in Hue City!<br>Kurzfristig konnten wir zu zweit am Vortag auf der Tour-Website Kontakt herstellen und wurden mit traditionellen Cyclos direkt am Hotel abgeholt. Es folgten vier Stunden durch die verschiedenen Teile der Stadt, wobei auch Ecken angesteuert wurden, die wir auch als experimentierfreudige Touristen niemals gefunden h\u00e4tten. Stets mit reichhaltigen Infos auf englisch durch Mr. Thom begleitet ist jedes Restaurant, jede Stra\u00dfenk\u00fcche und vor allem der gro\u00dfe Markt jeweils ein eindrucksvolles Erlebnis f\u00fcr sich&#8230;<\/em><\/p><\/blockquote><\/figure>\n\n\n\n<p class=\"has-text-align-center\">Renotti &#8211; Prien am Chiemsee, Germany<\/p>\n\n\n\n<p class=\"has-text-align-center\">Bitte lesen Sie weitere Bewertungen von G\u00e4sten auf <a href=\"https:\/\/www.tripadvisor.com\/Attraction_Review-g293926-d6123357-Reviews-Hue_Flavor_Street_Food_Tour-Hue_Thua_Thien_Hue_Province.html\" target=\"_blank\" rel=\"noreferrer noopener nofollow\">Tripadvisor.com<\/a>!<\/p>\n\n\n\n<hr class=\"wp-block-separator has-alpha-channel-opacity\"\/>\n\n\n\n<h2 class=\"wp-block-heading alignwide has-text-align-center\">Die neuesten Artikel von Hue Flavor<\/h2>\n\n\n\n<div class=\"wp-block-query alignfull is-layout-flow wp-block-query-is-layout-flow\">\n<div class=\"wp-block-group alignfull\" style=\"padding-top:0;padding-right:var(--wp--preset--spacing--40);padding-bottom:var(--wp--preset--spacing--40);padding-left:var(--wp--preset--spacing--40)\"><div class=\"wp-block-group__inner-container is-layout-flow wp-block-group-is-layout-flow\"><ul style=\"text-transform:none;\" class=\"columns-3 alignwide wp-block-post-template is-layout-grid wp-container-core-post-template-is-layout-2fc57c17 wp-block-post-template-is-layout-grid\"><li class=\"wp-block-post post-211 post type-post status-publish format-standard has-post-thumbnail hentry category-reisefuhrer\">\n\n<div class=\"wp-block-group\" style=\"padding-bottom:var(--wp--preset--spacing--50)\"><div class=\"wp-block-group__inner-container is-layout-flow wp-block-group-is-layout-flow\">\n<div class=\"wp-block-group is-content-justification-space-between is-nowrap is-layout-flex wp-container-core-group-is-layout-8b4a092f wp-block-group-is-layout-flex\" style=\"border-bottom-color:var(--wp--preset--color--contrast);border-bottom-width:4px;padding-top:var(--wp--preset--spacing--30);padding-right:0;padding-bottom:var(--wp--preset--spacing--30);padding-left:0\"><div style=\"font-size:2rem;font-style:normal;font-weight:600;letter-spacing:1px; margin-top:0;margin-right:0;margin-bottom:0;margin-left:0;\" class=\"has-text-align-left has-link-color wp-elements-5813a8450eb0347cfdf34f1870882db6 wp-block-post-date has-text-color has-contrast-color\"><time datetime=\"2025-07-04T07:04:52+00:00\">07.4<\/time><\/div>\n\n<div style=\"font-size:2rem;font-style:normal;font-weight:600;letter-spacing:1px; margin-top:0;margin-right:0;margin-bottom:0;margin-left:0;\" class=\"has-text-align-left has-link-color wp-elements-672016f5c95dcb277e0d666c7795c645 wp-block-post-date has-text-color has-contrast-color\"><time datetime=\"2025-07-04T07:04:52+00:00\">2025<\/time><\/div><\/div>\n\n\n<h3 style=\"font-size:4.6rem;font-style:normal;font-weight:600;line-height:1.1; padding-top:var(--wp--preset--spacing--30);\" class=\"has-link-color home-title-blog wp-elements-75338c13d88430a8f0d884af5c05b491 wp-block-post-title has-text-color has-contrast-color\"><a href=\"https:\/\/www.hueflavor.com\/de\/hues-nachtleben\/\" target=\"_blank\" >Romantisches Nachtleben in Hue entdecken<\/a><\/h3><\/div><\/div>\n\n<\/li><li class=\"wp-block-post post-198 post type-post status-publish format-standard hentry category-reisefuhrer\">\n\n<div class=\"wp-block-group\" style=\"padding-bottom:var(--wp--preset--spacing--50)\"><div class=\"wp-block-group__inner-container is-layout-flow wp-block-group-is-layout-flow\">\n<div class=\"wp-block-group is-content-justification-space-between is-nowrap is-layout-flex wp-container-core-group-is-layout-8b4a092f wp-block-group-is-layout-flex\" style=\"border-bottom-color:var(--wp--preset--color--contrast);border-bottom-width:4px;padding-top:var(--wp--preset--spacing--30);padding-right:0;padding-bottom:var(--wp--preset--spacing--30);padding-left:0\"><div style=\"font-size:2rem;font-style:normal;font-weight:600;letter-spacing:1px; margin-top:0;margin-right:0;margin-bottom:0;margin-left:0;\" class=\"has-text-align-left has-link-color wp-elements-5813a8450eb0347cfdf34f1870882db6 wp-block-post-date has-text-color has-contrast-color\"><time datetime=\"2025-06-24T08:29:16+00:00\">06.24<\/time><\/div>\n\n<div style=\"font-size:2rem;font-style:normal;font-weight:600;letter-spacing:1px; margin-top:0;margin-right:0;margin-bottom:0;margin-left:0;\" class=\"has-text-align-left has-link-color wp-elements-672016f5c95dcb277e0d666c7795c645 wp-block-post-date has-text-color has-contrast-color\"><time datetime=\"2025-06-24T08:29:16+00:00\">2025<\/time><\/div><\/div>\n\n\n<h3 style=\"font-size:4.6rem;font-style:normal;font-weight:600;line-height:1.1; padding-top:var(--wp--preset--spacing--30);\" class=\"has-link-color home-title-blog wp-elements-75338c13d88430a8f0d884af5c05b491 wp-block-post-title has-text-color has-contrast-color\"><a href=\"https:\/\/www.hueflavor.com\/de\/dong-ba-markt\/\" target=\"_blank\" >Dong-Ba-Markt<\/a><\/h3><\/div><\/div>\n\n<\/li><li class=\"wp-block-post post-193 post type-post status-publish format-standard has-post-thumbnail hentry category-reisefuhrer\">\n\n<div class=\"wp-block-group\" style=\"padding-bottom:var(--wp--preset--spacing--50)\"><div class=\"wp-block-group__inner-container is-layout-flow wp-block-group-is-layout-flow\">\n<div class=\"wp-block-group is-content-justification-space-between is-nowrap is-layout-flex wp-container-core-group-is-layout-8b4a092f wp-block-group-is-layout-flex\" style=\"border-bottom-color:var(--wp--preset--color--contrast);border-bottom-width:4px;padding-top:var(--wp--preset--spacing--30);padding-right:0;padding-bottom:var(--wp--preset--spacing--30);padding-left:0\"><div style=\"font-size:2rem;font-style:normal;font-weight:600;letter-spacing:1px; margin-top:0;margin-right:0;margin-bottom:0;margin-left:0;\" class=\"has-text-align-left has-link-color wp-elements-5813a8450eb0347cfdf34f1870882db6 wp-block-post-date has-text-color has-contrast-color\"><time datetime=\"2025-06-19T09:07:24+00:00\">06.19<\/time><\/div>\n\n<div style=\"font-size:2rem;font-style:normal;font-weight:600;letter-spacing:1px; margin-top:0;margin-right:0;margin-bottom:0;margin-left:0;\" class=\"has-text-align-left has-link-color wp-elements-672016f5c95dcb277e0d666c7795c645 wp-block-post-date has-text-color has-contrast-color\"><time datetime=\"2025-06-19T09:07:24+00:00\">2025<\/time><\/div><\/div>\n\n\n<h3 style=\"font-size:4.6rem;font-style:normal;font-weight:600;line-height:1.1; padding-top:var(--wp--preset--spacing--30);\" class=\"has-link-color home-title-blog wp-elements-75338c13d88430a8f0d884af5c05b491 wp-block-post-title has-text-color has-contrast-color\"><a href=\"https:\/\/www.hueflavor.com\/de\/aktivitaten-in-hue\/\" target=\"_blank\" >9 Beste Aktivit\u00e4ten in Hue, Vietnam<\/a><\/h3><\/div><\/div>\n\n<\/li><\/ul><\/div><\/div>\n\n\n\n<div class=\"wp-block-group\" style=\"margin-top:0;margin-bottom:0;padding-top:var(--wp--preset--spacing--40);padding-right:var(--wp--preset--spacing--40);padding-bottom:var(--wp--preset--spacing--40);padding-left:var(--wp--preset--spacing--40)\"><div class=\"wp-block-group__inner-container is-layout-flow wp-block-group-is-layout-flow\"><nav class=\"wp-block-query-pagination is-content-justification-space-between is-nowrap is-layout-flex wp-container-core-query-pagination-is-layout-0dfbf163 wp-block-query-pagination-is-layout-flex\" aria-label=\"Seitennummerierung\">\n\n\n<a href=\"\/de\/wp-json\/wp\/v2\/pages\/14?query-1-page=2\" style=\"font-size:2rem;font-style:normal;font-weight:600;text-transform:uppercase;letter-spacing:1px;\" class=\"wp-block-query-pagination-next\">N\u00e4chste Seite<\/a>\n<\/nav><\/div><\/div>\n<\/div>\n","protected":false},"excerpt":{"rendered":"<p>Kulinarisches Erlebnis mit lokaler K\u00fcche in Hue, Vietnam Warum hebt sich Hue Flavor hervor? \u201eEs ist gut und sehr belebt mit Touristengruppen, aber f\u00fcr das wahre Erlebnis \u2014 wie es die Einheimischen immer gegessen haben \u2014 muss man &#8218;arm, aber luxuri\u00f6s&#8216; gehen, wie es das lokale Mantra vorschreibt.\u201c \u2013 Robert Reid Hue, die Hauptstadt Vietnams [&hellip;]<\/p>\n","protected":false},"author":1,"featured_media":47,"parent":0,"menu_order":0,"comment_status":"closed","ping_status":"closed","template":"","meta":{"footnotes":""},"class_list":["post-14","page","type-page","status-publish","has-post-thumbnail","hentry"],"_links":{"self":[{"href":"https:\/\/www.hueflavor.com\/de\/wp-json\/wp\/v2\/pages\/14","targetHints":{"allow":["GET"]}}],"collection":[{"href":"https:\/\/www.hueflavor.com\/de\/wp-json\/wp\/v2\/pages"}],"about":[{"href":"https:\/\/www.hueflavor.com\/de\/wp-json\/wp\/v2\/types\/page"}],"author":[{"embeddable":true,"href":"https:\/\/www.hueflavor.com\/de\/wp-json\/wp\/v2\/users\/1"}],"replies":[{"embeddable":true,"href":"https:\/\/www.hueflavor.com\/de\/wp-json\/wp\/v2\/comments?post=14"}],"version-history":[{"count":18,"href":"https:\/\/www.hueflavor.com\/de\/wp-json\/wp\/v2\/pages\/14\/revisions"}],"predecessor-version":[{"id":192,"href":"https:\/\/www.hueflavor.com\/de\/wp-json\/wp\/v2\/pages\/14\/revisions\/192"}],"wp:featuredmedia":[{"embeddable":true,"href":"https:\/\/www.hueflavor.com\/de\/wp-json\/wp\/v2\/media\/47"}],"wp:attachment":[{"href":"https:\/\/www.hueflavor.com\/de\/wp-json\/wp\/v2\/media?parent=14"}],"curies":[{"name":"wp","href":"https:\/\/api.w.org\/{rel}","templated":true}]}}